{"id":100,"date":"2023-12-16T17:15:43","date_gmt":"2023-12-16T17:15:43","guid":{"rendered":"https:\/\/tamquammonstra.historiasdaarte.com\/?page_id=100"},"modified":"2023-12-16T17:44:43","modified_gmt":"2023-12-16T17:44:43","slug":"tamquam-monstra","status":"publish","type":"page","link":"https:\/\/tamquammonstra.historiasdaarte.com\/index.php\/tamquam-monstra\/","title":{"rendered":"tamquam monstra"},"content":{"rendered":"<p style=\"font-weight: 400; text-align: justify;\"><em>Et cum circumdarent nos homines et respicerent nos <strong>tamquam monstra<\/strong>, maxime quia eramus nudis pedibus, et quererent si nos non indigeremus pedibus nostris, quia supponebant quod statim amitter- emus eos, ille Hungarus reddidit eis rationem, narrans eis conditiones Ordinis nostri\u201d<\/em><\/p>\n<p style=\"font-weight: 400; text-align: left;\">\u00a0Reuniram-se \u00e0 nossa volta (os mong\u00f3is), olhando para n\u00f3s como se tamb\u00e9m f\u00f4ssemos monstros, especialmente devido aos nossos p\u00e9s descal\u00e7os, e perguntaram se n\u00e3o t\u00ednhamos utilidade para nossos p\u00e9s, j\u00e1 que imaginavam que em pouco tempo os perder\u00edamos. E isso o h\u00fangaro explicou-lhes, informando-os \u00a0das regras da nossa Ordem<\/p>\n<p style=\"font-weight: 400; text-align: justify;\">William of Rubruck Itinerarium\u00a0or\u00a0\u00a0Journey, relato de miss\u00e3o na Mong\u00f3lia, 1253- 55<\/p>\n<p style=\"font-weight: 400; text-align: justify;\">&#8211; tudo o que viu entre os T\u00e1rtaros- <em>aliud seculum<\/em>&#8211; como um outro mundo<\/p>\n<p style=\"font-weight: 400; text-align: justify;\">\n","protected":false},"excerpt":{"rendered":"<p>Et cum circumdarent nos homines et respicerent nos tamquam monstra, maxime quia eramus nudis pedibus, et quererent si&#8230;<\/p>\n","protected":false},"author":1,"featured_media":105,"parent":0,"menu_order":0,"comment_status":"closed","ping_status":"closed","template":"","meta":{"footnotes":""},"class_list":["post-100","page","type-page","status-publish","has-post-thumbnail","hentry","content-wrap"],"_links":{"self":[{"href":"https:\/\/tamquammonstra.historiasdaarte.com\/index.php\/wp-json\/wp\/v2\/pages\/100","targetHints":{"allow":["GET"]}}],"collection":[{"href":"https:\/\/tamquammonstra.historiasdaarte.com\/index.php\/wp-json\/wp\/v2\/pages"}],"about":[{"href":"https:\/\/tamquammonstra.historiasdaarte.com\/index.php\/wp-json\/wp\/v2\/types\/page"}],"author":[{"embeddable":true,"href":"https:\/\/tamquammonstra.historiasdaarte.com\/index.php\/wp-json\/wp\/v2\/users\/1"}],"replies":[{"embeddable":true,"href":"https:\/\/tamquammonstra.historiasdaarte.com\/index.php\/wp-json\/wp\/v2\/comments?post=100"}],"version-history":[{"count":2,"href":"https:\/\/tamquammonstra.historiasdaarte.com\/index.php\/wp-json\/wp\/v2\/pages\/100\/revisions"}],"predecessor-version":[{"id":103,"href":"https:\/\/tamquammonstra.historiasdaarte.com\/index.php\/wp-json\/wp\/v2\/pages\/100\/revisions\/103"}],"wp:featuredmedia":[{"embeddable":true,"href":"https:\/\/tamquammonstra.historiasdaarte.com\/index.php\/wp-json\/wp\/v2\/media\/105"}],"wp:attachment":[{"href":"https:\/\/tamquammonstra.historiasdaarte.com\/index.php\/wp-json\/wp\/v2\/media?parent=100"}],"curies":[{"name":"wp","href":"https:\/\/api.w.org\/{rel}","templated":true}]}}