{"id":14,"date":"2023-06-26T11:09:29","date_gmt":"2023-06-26T11:09:29","guid":{"rendered":"https:\/\/tamquammonstra.historiasdaarte.com\/?page_id=14"},"modified":"2023-12-16T09:06:40","modified_gmt":"2023-12-16T09:06:40","slug":"workshop","status":"publish","type":"page","link":"https:\/\/tamquammonstra.historiasdaarte.com\/index.php\/workshop\/","title":{"rendered":"workshop"},"content":{"rendered":"\n<p style=\"font-weight: 400; text-align: center;\"><strong>Tamb\u00e9m tu monstro<\/strong><\/p>\n<ul>\n<p style=\"font-weight: 400;\"><strong>\u00a0<\/strong><\/p>\n<p style=\"font-weight: 400;text-align: justify;\">Na tradi\u00e7\u00e3o do maravilhoso e fant\u00e1stico medieval, os monstros e besti\u00e1rio de criaturas licenciosas e jocosas conviviam de modo natural com anjos, santos e diabos. \u00a0A religiosidade popular e as migra\u00e7\u00f5es do Oriente lend\u00e1rio fizeram proliferar formas imprevis\u00edveis ao longo do Ocidente medieval. Seguiremos o seu curso dos prim\u00f3rdios da margin\u00e1lia iluminada, \u00e0s g\u00e1rgulas e decora\u00e7\u00f5es que invadiram os locais sagrados dos templos, a par das tradi\u00e7\u00f5es e festas pag\u00e3s, cuja mem\u00f3ria ainda hoje permanece nas vilas e aldeias.<\/p>\n<\/ul>\n<hr \/>\n<p style=\"font-weight: 400; text-align: center;\">4 sess\u00f5es online- segundas-feiras das 18 \u00e0s 20 hs<\/p>\n<p style=\"font-weight: 400; text-align: center;\">1\u00aa sess\u00e3o- 19 Fevereiro &#8211; Monstro como excesso de vis\u00e3o e premoni\u00e7\u00e3o<\/p>\n<p style=\"font-weight: 400; text-align: center;\">2\u00aa sess\u00e3o \u2013 18 Mar\u00e7o: monstros e prod\u00edgios nas margens<\/p>\n<p style=\"font-weight: 400; text-align: center;\">3\u00aa sess\u00e3o: 22 Abril- uma teratologia fant\u00e1stica<\/p>\n<p style=\"font-weight: 400; text-align: center;\">4\u00aa sess\u00e3o: 27 Maio &#8211; do g\u00f3tico ao neog\u00f3tico- <em>ceci tuera cela<\/em><\/p>\n<p style=\"font-weight: 400; text-align: center;\">\n","protected":false},"excerpt":{"rendered":"<p>Tamb\u00e9m tu monstro \u00a0 Na tradi\u00e7\u00e3o do maravilhoso e fant\u00e1stico medieval, os monstros e besti\u00e1rio de criaturas licenciosas&#8230;<\/p>\n","protected":false},"author":1,"featured_media":7,"parent":0,"menu_order":0,"comment_status":"closed","ping_status":"closed","template":"","meta":{"footnotes":""},"class_list":["post-14","page","type-page","status-publish","has-post-thumbnail","hentry","content-wrap"],"_links":{"self":[{"href":"https:\/\/tamquammonstra.historiasdaarte.com\/index.php\/wp-json\/wp\/v2\/pages\/14","targetHints":{"allow":["GET"]}}],"collection":[{"href":"https:\/\/tamquammonstra.historiasdaarte.com\/index.php\/wp-json\/wp\/v2\/pages"}],"about":[{"href":"https:\/\/tamquammonstra.historiasdaarte.com\/index.php\/wp-json\/wp\/v2\/types\/page"}],"author":[{"embeddable":true,"href":"https:\/\/tamquammonstra.historiasdaarte.com\/index.php\/wp-json\/wp\/v2\/users\/1"}],"replies":[{"embeddable":true,"href":"https:\/\/tamquammonstra.historiasdaarte.com\/index.php\/wp-json\/wp\/v2\/comments?post=14"}],"version-history":[{"count":4,"href":"https:\/\/tamquammonstra.historiasdaarte.com\/index.php\/wp-json\/wp\/v2\/pages\/14\/revisions"}],"predecessor-version":[{"id":86,"href":"https:\/\/tamquammonstra.historiasdaarte.com\/index.php\/wp-json\/wp\/v2\/pages\/14\/revisions\/86"}],"wp:featuredmedia":[{"embeddable":true,"href":"https:\/\/tamquammonstra.historiasdaarte.com\/index.php\/wp-json\/wp\/v2\/media\/7"}],"wp:attachment":[{"href":"https:\/\/tamquammonstra.historiasdaarte.com\/index.php\/wp-json\/wp\/v2\/media?parent=14"}],"curies":[{"name":"wp","href":"https:\/\/api.w.org\/{rel}","templated":true}]}}